{"id":196,"date":"2024-04-15T01:02:23","date_gmt":"2024-04-15T01:02:23","guid":{"rendered":"https:\/\/eclecticoblog.com\/collezione\/?page_id=196"},"modified":"2024-04-15T01:02:23","modified_gmt":"2024-04-15T01:02:23","slug":"terminos-y-condiciones","status":"publish","type":"page","link":"https:\/\/stefanozanni.com\/collezione\/terminos-y-condiciones\/","title":{"rendered":"T\u00e9rminos y Condiciones"},"content":{"rendered":"\n<p>Al ingresar y utilizar la presente p\u00e1gina web con el dominio: www.stefanozanni.com (en lo sucesivo \u201cP\u00e1gina de Internet\u201d o \u201cSitio Web\u201d), usted (en lo sucesivo el \u201cUsuario\u201d) est\u00e1 aceptando los t\u00e9rminos y las condiciones de uso contenidos en el presente y declara su aceptaci\u00f3n por el simple ingreso y uso. En caso de que el usuario no acepte la totalidad de los presentes t\u00e9rminos y condiciones de uso, deber\u00e1 abstenerse de acceder y adquirir por medio de la p\u00e1gina de internet.<\/p>\n\n\n\n<h3 class=\"wp-block-heading\">Descripci\u00f3n del Servicio<\/h3>\n\n\n\n<p>\u201cEl servicio de Env\u00edo en Zona Metropolitana del Valle de M\u00e9xico con un radio no mayor a 25 km a la redonda de la ubicaci\u00f3n de despacho siendo esta Tom\u00e1s Alva Edison #4, Parque Industrial Cuamatla, Cuautitl\u00e1n Izcalli, Edo. De M\u00e9xico, C:P. 54730.\u201d es llevado a cabo por Stefano Zanni en el cual se ofrece el env\u00edo de su pedido el mismo d\u00eda de su pago, adquiriendo exclusivamente en el sitio web o a trav\u00e9s de Facebook o WhatsApp, sobre los productos publicados en el cat\u00e1logo (aplicando l\u00edmite de dimensiones y horarios), con el fin de crear una experiencia de compra satisfactoria de entrega r\u00e1pida.<\/p>\n\n\n\n<h4 class=\"wp-block-heading\">Condiciones del servicio&nbsp;<\/h4>\n\n\n\n<ol>\n<li><strong>La hora de entrada del pedido<\/strong><\/li>\n<\/ol>\n\n\n\n<p>Todo pedido entrante en un periodo de 12:01hrs de la noche a 01:00 hrs de la tarde, deber\u00e1 ser entregado el mismo d\u00eda, con un radio no mayor a 25 km a la redonda de la ubicaci\u00f3n de despacho siendo esta Tom\u00e1s Alva Edison #4, Parque Industrial Cuamatla, Cuautitl\u00e1n Izcalli, Edo. De M\u00e9xico, C:P. 54730.<\/p>\n\n\n\n<p>Los pedidos entrantes despu\u00e9s de las 01:00 pm de cada d\u00eda, ser\u00e1n despachados al d\u00eda siguiente en orden consecutivo a su llegada, si hubiera disponibilidad de entrega el mismo d\u00eda ser\u00e1 anunciado por medio de servicio al cliente, para acordar la entrega.<\/p>\n\n\n\n<ol start=\"2\">\n<li><strong>La entrega de los pedidos<\/strong><\/li>\n<\/ol>\n\n\n\n<p>El cliente ser\u00e1 contactado por la ma\u00f1ana para indicarle la hora en que su pedido estar\u00eda llegando a la direcci\u00f3n ingresada en su orden de compra, la cual es utilizada solo con fines de entregar su producto, y en caso de ser necesario nombre de quien va a recibir el producto siendo el caso que el cliente no pueda recibirlo. Ser\u00e1 entregado con palabra clave.<\/p>\n\n\n\n<p>Si el cliente menciona que no le ser\u00e1 posible recibir el producto el d\u00eda indicado, se reprograma su env\u00edo de forma directa o por paqueter\u00eda tradicional, para la fecha en que haya disponibilidad.<\/p>\n\n\n\n<p>Si el cliente no sale a recibir su producto en un margen de 10 min a partir de que el repartidor llegue al domicilio, esta entrega ser\u00e1 reprogramada o de lo contrario se enviar\u00e1 por paqueter\u00eda y deber\u00e1 pagar el costo de env\u00edo, esperando los d\u00edas que esta nos brinde para su entrega.<\/p>\n\n\n\n<ol start=\"3\">\n<li><strong>Dimensiones de pedido<\/strong><\/li>\n<\/ol>\n\n\n\n<p>Se enviar\u00e1n el mismo d\u00eda aquellos pedidos cuyas cantidades sean solo 1 articulo por carrito (Cubre Colchones, Edredones tama\u00f1o Matri-Queen y King Size, Kit de Cama Individual, Matrimonial y Queen)<\/p>\n\n\n\n<p>Podr\u00e1n ser enviados de dos art\u00edculos siempre y cuando sean (s\u00e1banas, almohadas, kit spa, protector impermeable, edred\u00f3n individual)<\/p>\n\n\n\n<p>Los art\u00edculos que no se pueden enviar el mismo d\u00eda son Kit de Cama King Size.<\/p>\n","protected":false},"excerpt":{"rendered":"<p>Al ingresar y utilizar la presente p\u00e1gina web con el dominio: www.stefanozanni.com (en lo sucesivo \u201cP\u00e1gina de Internet\u201d o \u201cSitio Web\u201d), usted (en lo sucesivo el \u201cUsuario\u201d) est\u00e1 aceptando los&hellip;<\/p>\n","protected":false},"author":1,"featured_media":0,"parent":0,"menu_order":0,"comment_status":"closed","ping_status":"closed","template":"","meta":{"footnotes":""},"_links":{"self":[{"href":"https:\/\/stefanozanni.com\/collezione\/wp-json\/wp\/v2\/pages\/196"}],"collection":[{"href":"https:\/\/stefanozanni.com\/collezione\/wp-json\/wp\/v2\/pages"}],"about":[{"href":"https:\/\/stefanozanni.com\/collezione\/wp-json\/wp\/v2\/types\/page"}],"author":[{"embeddable":true,"href":"https:\/\/stefanozanni.com\/collezione\/wp-json\/wp\/v2\/users\/1"}],"replies":[{"embeddable":true,"href":"https:\/\/stefanozanni.com\/collezione\/wp-json\/wp\/v2\/comments?post=196"}],"version-history":[{"count":0,"href":"https:\/\/stefanozanni.com\/collezione\/wp-json\/wp\/v2\/pages\/196\/revisions"}],"wp:attachment":[{"href":"https:\/\/stefanozanni.com\/collezione\/wp-json\/wp\/v2\/media?parent=196"}],"curies":[{"name":"wp","href":"https:\/\/api.w.org\/{rel}","templated":true}]}}