{"id":316,"date":"2024-05-07T22:06:50","date_gmt":"2024-05-07T22:06:50","guid":{"rendered":"https:\/\/stefanozanni.com\/collezione\/?post_type=product&#038;p=316"},"modified":"2024-05-07T22:11:41","modified_gmt":"2024-05-07T22:11:41","slug":"almohada-doble-soporte-ultra-confort","status":"publish","type":"product","link":"https:\/\/stefanozanni.com\/collezione\/producto\/almohada-doble-soporte-ultra-confort\/","title":{"rendered":"Almohada doble soporte ultra confort"},"content":{"rendered":"\t\t<div data-elementor-type=\"wp-post\" data-elementor-id=\"316\" class=\"elementor elementor-316\">\n\t\t\t\t<div class=\"elementor-element elementor-element-d4d8ea7 e-flex e-con-boxed e-con e-parent\" data-id=\"d4d8ea7\" data-element_type=\"container\">\n\t\t\t\t\t<div class=\"e-con-inner\">\n\t\t<div class=\"elementor-element elementor-element-1d158f0 e-con-full e-flex e-con e-child\" data-id=\"1d158f0\" data-element_type=\"container\">\n\t\t\t\t<div class=\"elementor-element elementor-element-b039f8f elementor-widget elementor-widget-konte-heading\" data-id=\"b039f8f\" data-element_type=\"widget\" data-widget_type=\"konte-heading.default\">\n\t\t\t\t<div class=\"elementor-widget-container\">\n\t\t\t<h3 class=\"konte-heading-title konte-heading-title--default\">La nueva almohada doble soporte ultra confort, est\u00e1 dise\u00f1ada para brindarte el mejor descanso.<\/h3>\t\t<\/div>\n\t\t\t\t<\/div>\n\t\t\t\t<div class=\"elementor-element elementor-element-c6b53ad elementor-widget elementor-widget-text-editor\" data-id=\"c6b53ad\" data-element_type=\"widget\" data-widget_type=\"text-editor.default\">\n\t\t\t\t<div class=\"elementor-widget-container\">\n\t\t\t<style>\/*! elementor - v3.21.0 - 08-05-2024 *\/\n.elementor-widget-text-editor.elementor-drop-cap-view-stacked .elementor-drop-cap{background-color:#69727d;color:#fff}.elementor-widget-text-editor.elementor-drop-cap-view-framed .elementor-drop-cap{color:#69727d;border:3px solid;background-color:transparent}.elementor-widget-text-editor:not(.elementor-drop-cap-view-default) .elementor-drop-cap{margin-top:8px}.elementor-widget-text-editor:not(.elementor-drop-cap-view-default) .elementor-drop-cap-letter{width:1em;height:1em}.elementor-widget-text-editor .elementor-drop-cap{float:left;text-align:center;line-height:1;font-size:50px}.elementor-widget-text-editor .elementor-drop-cap-letter{display:inline-block}<\/style>\t\t\t\t<p><span style=\"color: var( --e-global-color-text ); font-family: var( --e-global-typography-text-font-family ), Sans-serif; font-weight: var( --e-global-typography-text-font-weight ); text-align: var(--text-align); font-size: 1.125rem;\">Elaborada en microfibra que pasa por un proceso de adelgazamiento para conseguir el filamento m\u00e1s fino posible, teniendo como resultado la sensaci\u00f3n y suavidad del plum\u00f3n de ganso.<\/span><\/p>\t\t\t\t\t\t<\/div>\n\t\t\t\t<\/div>\n\t\t\t\t<\/div>\n\t\t<div class=\"elementor-element elementor-element-6ddca83 e-con-full e-flex e-con e-child\" data-id=\"6ddca83\" data-element_type=\"container\">\n\t\t\t\t<div class=\"elementor-element elementor-element-3586cb3 elementor-widget elementor-widget-image\" data-id=\"3586cb3\" data-element_type=\"widget\" data-widget_type=\"image.default\">\n\t\t\t\t<div class=\"elementor-widget-container\">\n\t\t\t<style>\/*! elementor - v3.21.0 - 08-05-2024 *\/\n.elementor-widget-image{text-align:center}.elementor-widget-image a{display:inline-block}.elementor-widget-image a img[src$=\".svg\"]{width:48px}.elementor-widget-image img{vertical-align:middle;display:inline-block}<\/style>\t\t\t\t\t\t\t\t\t\t<img fetchpriority=\"high\" decoding=\"async\" width=\"1024\" height=\"1024\" src=\"https:\/\/stefanozanni.com\/collezione\/wp-content\/uploads\/2024\/05\/7.jpg\" class=\"attachment-large size-large wp-image-326\" alt=\"\" \/>\t\t\t\t\t\t\t\t\t\t\t\t\t<\/div>\n\t\t\t\t<\/div>\n\t\t\t\t<\/div>\n\t\t\t\t\t<\/div>\n\t\t\t\t<\/div>\n\t\t<div class=\"elementor-element elementor-element-bac82e3 e-flex e-con-boxed e-con e-parent\" data-id=\"bac82e3\" data-element_type=\"container\">\n\t\t\t\t\t<div class=\"e-con-inner\">\n\t\t<div class=\"elementor-element elementor-element-5c39b8e e-con-full e-flex e-con e-child\" data-id=\"5c39b8e\" data-element_type=\"container\">\n\t\t\t\t<div class=\"elementor-element elementor-element-1aeb89f elementor-widget elementor-widget-text-editor\" data-id=\"1aeb89f\" data-element_type=\"widget\" data-widget_type=\"text-editor.default\">\n\t\t\t\t<div class=\"elementor-widget-container\">\n\t\t\t\t\t\t\t<p>Capitonado especial para un extra de confort: la funda tiene una capa extra capitonada, permitiendo mantener la forma esponjosa sin deformarse durante la noche. Adem\u00e1s, esta capa extra har\u00e1 que tu almohada dure m\u00e1s tiempo.<\/p><p>Funda exterior 100% algod\u00f3n: cuenta con un acabado antimicrobiano que protege contra la acumulaci\u00f3n de bacterias que pueden causar mal olor, moho y hongos.<\/p><p>Hipoalerg\u00e9nica: brinda una sensaci\u00f3n de una almohada de plumas pero sin reacciones al\u00e9rgicas.<\/p>\t\t\t\t\t\t<\/div>\n\t\t\t\t<\/div>\n\t\t\t\t<\/div>\n\t\t<div class=\"elementor-element elementor-element-8e0a939 e-con-full e-flex e-con e-child\" data-id=\"8e0a939\" data-element_type=\"container\">\n\t\t\t\t<div class=\"elementor-element elementor-element-30c1214 elementor-widget elementor-widget-image\" data-id=\"30c1214\" data-element_type=\"widget\" data-widget_type=\"image.default\">\n\t\t\t\t<div class=\"elementor-widget-container\">\n\t\t\t\t\t\t\t\t\t\t\t\t\t<img decoding=\"async\" width=\"1024\" height=\"1024\" src=\"https:\/\/stefanozanni.com\/collezione\/wp-content\/uploads\/2024\/05\/6-1.jpg\" class=\"attachment-large size-large wp-image-327\" alt=\"\" \/>\t\t\t\t\t\t\t\t\t\t\t\t\t<\/div>\n\t\t\t\t<\/div>\n\t\t\t\t<\/div>\n\t\t\t\t\t<\/div>\n\t\t\t\t<\/div>\n\t\t\t\t<\/div>\n\t\t","protected":false},"excerpt":{"rendered":"<h5>Tama\u00f1os<\/h5>\n<ul>\n<li>Est\u00e1ndar 50&#215;66 cm<\/li>\n<li>King Size 50&#215;90 cm<\/li>\n<\/ul>\n<h5>Materiales<\/h5>\n<p>Funda exterior 100% algod\u00f3n, ultra suave y fresco<br \/>\nRelleno de fibra down alternative<\/p>\n","protected":false},"featured_media":320,"comment_status":"open","ping_status":"closed","template":"","meta":[],"product_cat":[19],"product_tag":[],"_links":{"self":[{"href":"https:\/\/stefanozanni.com\/collezione\/wp-json\/wp\/v2\/product\/316"}],"collection":[{"href":"https:\/\/stefanozanni.com\/collezione\/wp-json\/wp\/v2\/product"}],"about":[{"href":"https:\/\/stefanozanni.com\/collezione\/wp-json\/wp\/v2\/types\/product"}],"replies":[{"embeddable":true,"href":"https:\/\/stefanozanni.com\/collezione\/wp-json\/wp\/v2\/comments?post=316"}],"version-history":[{"count":3,"href":"https:\/\/stefanozanni.com\/collezione\/wp-json\/wp\/v2\/product\/316\/revisions"}],"predecessor-version":[{"id":330,"href":"https:\/\/stefanozanni.com\/collezione\/wp-json\/wp\/v2\/product\/316\/revisions\/330"}],"wp:featuredmedia":[{"embeddable":true,"href":"https:\/\/stefanozanni.com\/collezione\/wp-json\/wp\/v2\/media\/320"}],"wp:attachment":[{"href":"https:\/\/stefanozanni.com\/collezione\/wp-json\/wp\/v2\/media?parent=316"}],"wp:term":[{"taxonomy":"product_cat","embeddable":true,"href":"https:\/\/stefanozanni.com\/collezione\/wp-json\/wp\/v2\/product_cat?post=316"},{"taxonomy":"product_tag","embeddable":true,"href":"https:\/\/stefanozanni.com\/collezione\/wp-json\/wp\/v2\/product_tag?post=316"}],"curies":[{"name":"wp","href":"https:\/\/api.w.org\/{rel}","templated":true}]}}